{"id":973,"date":"2017-02-08T10:11:37","date_gmt":"2017-02-08T08:11:37","guid":{"rendered":"http:\/\/www.denizati.net\/tr\/?page_id=973"},"modified":"2021-11-10T14:41:15","modified_gmt":"2021-11-10T11:41:15","slug":"kurumsal","status":"publish","type":"page","link":"https:\/\/www.denizati.net\/tr\/kurumsal","title":{"rendered":"Kurumsal"},"content":{"rendered":"<p><strong>TAR\u0130H\u00c7EM\u0130Z<\/strong><\/p>\n<p>Denizat\u0131 E\u011fitim Kurumlar\u0131 ilk olarak 1997 y\u0131l\u0131nda Alt\u0131ntepe\u2019de a\u00e7t\u0131\u011f\u0131 anaokulu ile e\u011fitim sekt\u00f6r\u00fcndeki yerini alm\u0131\u015ft\u0131r. 1999 y\u0131l\u0131nda \u00a0 Kazasker\u2019de ikinci anaokulunu a\u00e7an Denizat\u0131 E\u011fitim Kurumlar\u0131 2002 y\u0131l\u0131ndan bu yana \u00a0Ata\u015fehir\u2019 de a\u00e7t\u0131\u011f\u0131\u00a0 Denizat\u0131 Anaokulu, Denizat\u0131 \u0130lkokulu, Denizat\u0131 Ortaokulu ve Bostanc\u0131&#8217;da bulunan Denizat\u0131 Anadolu Lisesi ile Atat\u00fcrk \u0130lkeleri do\u011frultusunda e\u011fitim faaliyetlerine devam etmektedir. Denizat\u0131 E\u011fitim\u00a0 Kurumlar\u0131, kurucular\u0131n\u0131n e\u011fitimci kimlikleri, ko\u015fulsuz Atat\u00fcrk ilkelerine ba\u011fl\u0131l\u0131\u011f\u0131 ve e\u011fitime bak\u0131\u015f a\u00e7\u0131s\u0131 ile sayg\u0131n e\u011fitim kurumlar\u0131 aras\u0131nda hedefine y\u00fcr\u00fcmeye devam\u00a0 edecektir.<\/p>\n<p><strong>V\u0130ZYONUMUZ<\/strong><\/p>\n<p>21. y\u00fczy\u0131lda \u00e7ocuklar\u0131m\u0131z\u0131n anne sevgisini, ilgisini ve \u00f6zenini aratmayan, \u00f6zg\u00fcven duygusunun s\u00fcrekli beslendi\u011fi, bilimin, teknolojinin ve sanat\u0131n i\u00e7 i\u00e7e bulundu\u011fu, \u00e7a\u011fda\u015f bir birey olarak e\u011fitimlerini s\u00fcrd\u00fcrebilece\u011fi sevgi dolu bir ortam sunuyoruz. \u00c7ocuklar\u0131m\u0131z\u0131n kendilerine dayat\u0131ld\u0131\u011f\u0131 i\u00e7in de\u011fil, istedikleri i\u00e7in \u00e7aba g\u00f6stermeleri gerekti\u011fine, kendilerinin d\u0131\u015f\u0131nda haz\u0131rlanm\u0131\u015f bilgiyi kabul etmek yerine ak\u0131l kullanarak \u00f6zg\u00fcn \u00e7al\u0131\u015fmalar yapmalar\u0131n\u0131n \u00e7ok daha yararl\u0131 olaca\u011f\u0131na inan\u0131yoruz.<\/p>\n<p><img loading=\"lazy\" decoding=\"async\" class=\"aligncenter size-large wp-image-16688\" src=\"http:\/\/www.denizati.net\/tr\/wp-content\/uploads\/2021\/11\/3f68c914-6808-454b-aa20-59cac7c3af2e-1024x768.jpg\" alt=\"\" width=\"640\" height=\"480\" srcset=\"https:\/\/www.denizati.net\/tr\/wp-content\/uploads\/2021\/11\/3f68c914-6808-454b-aa20-59cac7c3af2e.jpg 1024w, https:\/\/www.denizati.net\/tr\/wp-content\/uploads\/2021\/11\/3f68c914-6808-454b-aa20-59cac7c3af2e-300x225.jpg 300w, https:\/\/www.denizati.net\/tr\/wp-content\/uploads\/2021\/11\/3f68c914-6808-454b-aa20-59cac7c3af2e-768x576.jpg 768w, https:\/\/www.denizati.net\/tr\/wp-content\/uploads\/2021\/11\/3f68c914-6808-454b-aa20-59cac7c3af2e-80x60.jpg 80w, https:\/\/www.denizati.net\/tr\/wp-content\/uploads\/2021\/11\/3f68c914-6808-454b-aa20-59cac7c3af2e-265x198.jpg 265w, https:\/\/www.denizati.net\/tr\/wp-content\/uploads\/2021\/11\/3f68c914-6808-454b-aa20-59cac7c3af2e-696x522.jpg 696w, https:\/\/www.denizati.net\/tr\/wp-content\/uploads\/2021\/11\/3f68c914-6808-454b-aa20-59cac7c3af2e-560x420.jpg 560w\" sizes=\"auto, (max-width: 640px) 100vw, 640px\" \/><\/p>\n<p><img loading=\"lazy\" decoding=\"async\" class=\"aligncenter size-full wp-image-16689\" src=\"http:\/\/www.denizati.net\/tr\/wp-content\/uploads\/2021\/11\/denizat\u0131-bahce.jpg\" alt=\"\" width=\"640\" height=\"480\" srcset=\"https:\/\/www.denizati.net\/tr\/wp-content\/uploads\/2021\/11\/denizat\u0131-bahce.jpg 640w, https:\/\/www.denizati.net\/tr\/wp-content\/uploads\/2021\/11\/denizat\u0131-bahce-300x225.jpg 300w, https:\/\/www.denizati.net\/tr\/wp-content\/uploads\/2021\/11\/denizat\u0131-bahce-80x60.jpg 80w, https:\/\/www.denizati.net\/tr\/wp-content\/uploads\/2021\/11\/denizat\u0131-bahce-265x198.jpg 265w, https:\/\/www.denizati.net\/tr\/wp-content\/uploads\/2021\/11\/denizat\u0131-bahce-560x420.jpg 560w\" sizes=\"auto, (max-width: 640px) 100vw, 640px\" \/><\/p>\n<p><img loading=\"lazy\" decoding=\"async\" class=\"aligncenter size-large wp-image-16691\" src=\"http:\/\/www.denizati.net\/tr\/wp-content\/uploads\/2021\/11\/yaz-okulu-1024x576.jpg\" alt=\"\" width=\"640\" height=\"360\" srcset=\"https:\/\/www.denizati.net\/tr\/wp-content\/uploads\/2021\/11\/yaz-okulu-1024x576.jpg 1024w, https:\/\/www.denizati.net\/tr\/wp-content\/uploads\/2021\/11\/yaz-okulu-300x169.jpg 300w, https:\/\/www.denizati.net\/tr\/wp-content\/uploads\/2021\/11\/yaz-okulu-768x432.jpg 768w, https:\/\/www.denizati.net\/tr\/wp-content\/uploads\/2021\/11\/yaz-okulu-696x392.jpg 696w, https:\/\/www.denizati.net\/tr\/wp-content\/uploads\/2021\/11\/yaz-okulu-1068x601.jpg 1068w, https:\/\/www.denizati.net\/tr\/wp-content\/uploads\/2021\/11\/yaz-okulu-747x420.jpg 747w, https:\/\/www.denizati.net\/tr\/wp-content\/uploads\/2021\/11\/yaz-okulu.jpg 1600w\" sizes=\"auto, (max-width: 640px) 100vw, 640px\" \/><\/p>\n","protected":false},"excerpt":{"rendered":"<p>TAR\u0130H\u00c7EM\u0130Z Denizat\u0131 E\u011fitim Kurumlar\u0131 ilk olarak 1997 y\u0131l\u0131nda Alt\u0131ntepe\u2019de a\u00e7t\u0131\u011f\u0131 anaokulu ile e\u011fitim sekt\u00f6r\u00fcndeki yerini alm\u0131\u015ft\u0131r. 1999 y\u0131l\u0131nda \u00a0 Kazasker\u2019de ikinci anaokulunu a\u00e7an Denizat\u0131 E\u011fitim Kurumlar\u0131 2002 y\u0131l\u0131ndan bu yana \u00a0Ata\u015fehir\u2019 de a\u00e7t\u0131\u011f\u0131\u00a0 Denizat\u0131 Anaokulu, Denizat\u0131 \u0130lkokulu, Denizat\u0131 Ortaokulu ve Bostanc\u0131&#8217;da bulunan Denizat\u0131 Anadolu Lisesi ile Atat\u00fcrk \u0130lkeleri do\u011frultusunda e\u011fitim faaliyetlerine devam etmektedir. Denizat\u0131 E\u011fitim\u00a0 [&hellip;]<\/p>\n","protected":false},"author":1,"featured_media":0,"parent":0,"menu_order":0,"comment_status":"closed","ping_status":"closed","template":"","meta":{"ngg_post_thumbnail":0,"footnotes":""},"class_list":["post-973","page","type-page","status-publish","hentry"],"_links":{"self":[{"href":"https:\/\/www.denizati.net\/tr\/wp-json\/wp\/v2\/pages\/973","targetHints":{"allow":["GET"]}}],"collection":[{"href":"https:\/\/www.denizati.net\/tr\/wp-json\/wp\/v2\/pages"}],"about":[{"href":"https:\/\/www.denizati.net\/tr\/wp-json\/wp\/v2\/types\/page"}],"author":[{"embeddable":true,"href":"https:\/\/www.denizati.net\/tr\/wp-json\/wp\/v2\/users\/1"}],"replies":[{"embeddable":true,"href":"https:\/\/www.denizati.net\/tr\/wp-json\/wp\/v2\/comments?post=973"}],"version-history":[{"count":0,"href":"https:\/\/www.denizati.net\/tr\/wp-json\/wp\/v2\/pages\/973\/revisions"}],"wp:attachment":[{"href":"https:\/\/www.denizati.net\/tr\/wp-json\/wp\/v2\/media?parent=973"}],"curies":[{"name":"wp","href":"https:\/\/api.w.org\/{rel}","templated":true}]}}