{"id":969,"date":"2017-02-08T10:10:30","date_gmt":"2017-02-08T07:10:30","guid":{"rendered":"http:\/\/www.denizati.net\/tr\/?page_id=969"},"modified":"2025-09-09T15:30:58","modified_gmt":"2025-09-09T12:30:58","slug":"sbs-ve-teog-sonuclari","status":"publish","type":"page","link":"https:\/\/www.denizati.net\/tr\/sbs-ve-teog-sonuclari","title":{"rendered":"SBS -TEOG -LGS Sonu\u00e7lar\u0131"},"content":{"rendered":"\r\n<div data-wp-interactive=\"core\/file\"><a href=\"https:\/\/www.denizati.net\/tr\/wp-content\/uploads\/2025\/09\/2024-25-LGS-SONUC-1-2.pdf\">2024-25 LGS SONU\u00c7 (1)<\/a><\/div>\r\n<div>&nbsp;<\/div>\r\n<div class=\"wp-block-file\"><object data-wp-bind--hidden=\"!state.hasPdfPreview\"  class=\"wp-block-file__embed\" style=\"width: 100%; height: 600px;\" data=\"https:\/\/www.denizati.net\/tr\/wp-content\/uploads\/2025\/02\/8.sinif-calismalarimiz.pdf\" type=\"application\/pdf\" width=\"300\" height=\"150\" aria-label=\"8.s\u0131n\u0131f \u00e7al\u0131\u015fmalar\u0131m\u0131z g\u00f6m\u00fcs\u00fc.\"><\/object><a id=\"wp-block-file--media-a33420ab-f9ca-40b5-9ffc-94a560b2f7eb\" href=\"https:\/\/www.denizati.net\/tr\/wp-content\/uploads\/2025\/02\/8.sinif-calismalarimiz.pdf\">8.s\u0131n\u0131f \u00e7al\u0131\u015fmalar\u0131m\u0131z<\/a><a class=\"wp-block-file__button wp-element-button\" href=\"https:\/\/www.denizati.net\/tr\/wp-content\/uploads\/2025\/02\/8.sinif-calismalarimiz.pdf\" download=\"\" aria-describedby=\"wp-block-file--media-a33420ab-f9ca-40b5-9ffc-94a560b2f7eb\">\u0130ndir<\/a><\/div>\r\n\r\n<p>&nbsp;<\/p>\r\n<p>LGS Sonu\u00e7lar\u0131m\u0131z<\/p>\r\n<p><a href=\"https:\/\/www.denizati.net\/tr\/wp-content\/uploads\/2022\/10\/2021-2022.pdf\">2021-2022<\/a><\/p>\r\n<p><a href=\"https:\/\/www.denizati.net\/tr\/wp-content\/uploads\/2023\/09\/2022-2023-LGS-YERLESTIRME-SONUCLARI-WEB-2.pdf\">2022-2023<\/a><\/p>\r\n<p>2023-2024 SONU\u00c7LARIMIZ<\/p>\r\n\r\n<div data-wp-interactive=\"core\/file\" class=\"wp-block-file\"><object data-wp-bind--hidden=\"!state.hasPdfPreview\" hidden class=\"wp-block-file__embed\" style=\"width: 100%; height: 600px;\" data=\"https:\/\/www.denizati.net\/tr\/wp-content\/uploads\/2024\/09\/8.SINIF-2023-24-LISE-1.pdf\" type=\"application\/pdf\" width=\"300\" height=\"150\" aria-label=\"8.SINIF-2023-24-LISE-1 g\u00f6m\u00fcs\u00fc.\"><\/object><\/div>\r\n<div>&nbsp;<\/div>\r\n<div>&nbsp;<\/div>\r\n<div><a href=\"https:\/\/www.denizati.net\/tr\/wp-content\/uploads\/2025\/09\/2024-25-LGS-SONUC-1.pdf\">2024-25 LGS SONU\u00c7 (1)<\/a><\/div>\r\n","protected":false},"excerpt":{"rendered":"<p>&nbsp; LGS Sonu\u00e7lar\u0131m\u0131z 2021-2022 2022-2023 2023-2024 SONU\u00c7LARIMIZ<\/p>\n","protected":false},"author":1,"featured_media":0,"parent":0,"menu_order":0,"comment_status":"closed","ping_status":"closed","template":"page-pagebuilder-title.php","meta":{"ngg_post_thumbnail":0,"footnotes":""},"class_list":["post-969","page","type-page","status-publish","hentry"],"_links":{"self":[{"href":"https:\/\/www.denizati.net\/tr\/wp-json\/wp\/v2\/pages\/969","targetHints":{"allow":["GET"]}}],"collection":[{"href":"https:\/\/www.denizati.net\/tr\/wp-json\/wp\/v2\/pages"}],"about":[{"href":"https:\/\/www.denizati.net\/tr\/wp-json\/wp\/v2\/types\/page"}],"author":[{"embeddable":true,"href":"https:\/\/www.denizati.net\/tr\/wp-json\/wp\/v2\/users\/1"}],"replies":[{"embeddable":true,"href":"https:\/\/www.denizati.net\/tr\/wp-json\/wp\/v2\/comments?post=969"}],"version-history":[{"count":9,"href":"https:\/\/www.denizati.net\/tr\/wp-json\/wp\/v2\/pages\/969\/revisions"}],"predecessor-version":[{"id":24295,"href":"https:\/\/www.denizati.net\/tr\/wp-json\/wp\/v2\/pages\/969\/revisions\/24295"}],"wp:attachment":[{"href":"https:\/\/www.denizati.net\/tr\/wp-json\/wp\/v2\/media?parent=969"}],"curies":[{"name":"wp","href":"https:\/\/api.w.org\/{rel}","templated":true}]}}