{"id":9,"date":"2017-01-22T23:44:33","date_gmt":"2017-01-22T21:44:33","guid":{"rendered":"http:\/\/www.denizati.net\/tr\/?page_id=9"},"modified":"2021-11-10T14:17:25","modified_gmt":"2021-11-10T11:17:25","slug":"ilkelerimiz","status":"publish","type":"page","link":"https:\/\/www.denizati.net\/tr\/ilkelerimiz","title":{"rendered":"\u0130lkelerimiz"},"content":{"rendered":"<p>&nbsp;<\/p>\n<p>Denizat\u0131 Okullar\u0131 olarak hedefimiz , Atat\u00fcrk ilkeleri ve devrimlerini benimsemi\u015f, temel demokratik de\u011ferlerle donanm\u0131\u015f, bireysel farkl\u0131l\u0131klar\u0131 ne olursa olsun, ara\u015ft\u0131rma-sorgulama, ele\u015ftirel d\u00fc\u015f\u00fcnme, problem \u00e7\u00f6zme ve karar verme becerileri geli\u015fmi\u015f; ya\u015fam boyu \u00f6\u011frenen ve insan haklar\u0131na sayg\u0131l\u0131, mutlu bireyler yeti\u015ftirmektir.<\/p>\n<p>Ancak \u00f6zg\u00fcr d\u00fc\u015f\u00fcnen, m\u00fccadele eden, ayd\u0131n, gelece\u011fe umutla bakan, \u00e7ocuklar yeti\u015ftirerek, Atat\u00fcrk\u2019\u00fcn bizlere emanet etti\u011fi vatan\u0131 \u00f6d\u00fcn vermeden en iyi \u015fekilde koruyup, y\u00fcceltece\u011fimize \u00a0inan\u0131yoruz.<\/p>\n<p>&nbsp;<\/p>\n<p>&nbsp;<\/p>\n<p>&nbsp;<\/p>\n","protected":false},"excerpt":{"rendered":"<p>&nbsp; Denizat\u0131 Okullar\u0131 olarak hedefimiz , Atat\u00fcrk ilkeleri ve devrimlerini benimsemi\u015f, temel demokratik de\u011ferlerle donanm\u0131\u015f, bireysel farkl\u0131l\u0131klar\u0131 ne olursa olsun, ara\u015ft\u0131rma-sorgulama, ele\u015ftirel d\u00fc\u015f\u00fcnme, problem \u00e7\u00f6zme ve karar verme becerileri geli\u015fmi\u015f; ya\u015fam boyu \u00f6\u011frenen ve insan haklar\u0131na sayg\u0131l\u0131, mutlu bireyler yeti\u015ftirmektir. Ancak \u00f6zg\u00fcr d\u00fc\u015f\u00fcnen, m\u00fccadele eden, ayd\u0131n, gelece\u011fe umutla bakan, \u00e7ocuklar yeti\u015ftirerek, Atat\u00fcrk\u2019\u00fcn bizlere emanet etti\u011fi [&hellip;]<\/p>\n","protected":false},"author":1,"featured_media":0,"parent":0,"menu_order":0,"comment_status":"closed","ping_status":"closed","template":"","meta":{"ngg_post_thumbnail":0,"footnotes":""},"class_list":["post-9","page","type-page","status-publish","hentry"],"_links":{"self":[{"href":"https:\/\/www.denizati.net\/tr\/wp-json\/wp\/v2\/pages\/9","targetHints":{"allow":["GET"]}}],"collection":[{"href":"https:\/\/www.denizati.net\/tr\/wp-json\/wp\/v2\/pages"}],"about":[{"href":"https:\/\/www.denizati.net\/tr\/wp-json\/wp\/v2\/types\/page"}],"author":[{"embeddable":true,"href":"https:\/\/www.denizati.net\/tr\/wp-json\/wp\/v2\/users\/1"}],"replies":[{"embeddable":true,"href":"https:\/\/www.denizati.net\/tr\/wp-json\/wp\/v2\/comments?post=9"}],"version-history":[{"count":0,"href":"https:\/\/www.denizati.net\/tr\/wp-json\/wp\/v2\/pages\/9\/revisions"}],"wp:attachment":[{"href":"https:\/\/www.denizati.net\/tr\/wp-json\/wp\/v2\/media?parent=9"}],"curies":[{"name":"wp","href":"https:\/\/api.w.org\/{rel}","templated":true}]}}